{"id":2,"date":"2022-08-30T12:32:29","date_gmt":"2022-08-30T12:32:29","guid":{"rendered":"https:\/\/jornadadermomurcia.cofrm.com\/?page_id=2"},"modified":"2026-01-08T15:32:18","modified_gmt":"2026-01-08T13:32:18","slug":"programa","status":"publish","type":"page","link":"https:\/\/master.cofrm.com\/index.php\/programa\/","title":{"rendered":"Programa"},"content":{"rendered":"<div id=\"programa\" style=\"position: relative; top: -90px;\">\u00a0<\/div>\n\n\n<p><\/p>\n\n\n\n<p><\/p>\n\n\n\n<p><\/p>\n\n\n\n<div class=\"wp-block-group is-vertical is-layout-flex wp-container-core-group-is-layout-8cf370e7 wp-block-group-is-layout-flex\">\n<div class=\"wp-block-group has-white-color has-text-color has-background has-link-color wp-elements-90581a46a44801894525284314f72434\" style=\"background:linear-gradient(32deg,rgb(88,165,201) 0%,rgb(24,153,102) 100%)\"><div class=\"wp-block-group__inner-container is-layout-constrained wp-block-group-is-layout-constrained\">\n<div class=\"wp-block-columns perfil-borde-blanco is-layout-flex wp-container-core-columns-is-layout-9d6595d7 wp-block-columns-is-layout-flex\">\n<div class=\"wp-block-column is-layout-flow wp-block-column-is-layout-flow\" style=\"flex-basis:100%\">\n<div class=\"wp-block-columns is-layout-flex wp-container-core-columns-is-layout-9d6595d7 wp-block-columns-is-layout-flex\">\n<div class=\"wp-block-column is-layout-flow wp-block-column-is-layout-flow\" style=\"flex-basis:3%\"><\/div>\n\n\n\n<div class=\"wp-block-column is-layout-flow wp-block-column-is-layout-flow\" style=\"flex-basis:94%\">\n<ul class=\"wp-block-list\">\n<li>CRONICIDAD Y FRAGILIDAD<\/li>\n<\/ul>\n\n\n\n<ul class=\"wp-block-list\">\n<li>TALLERES DE LECTURA CR\u00cdTICA E INVESTIGACI\u00d3N EN FARMACIA<\/li>\n<\/ul>\n\n\n\n<ul class=\"wp-block-list\">\n<li>FISIOPATOLOG\u00cdA, TRATAMIENTO Y SEGUIMIENTO DE LAS ENFERMEDADES RESPIRATORIAS Y ONCOL\u00d3GICAS<\/li>\n<\/ul>\n\n\n\n<ul class=\"wp-block-list\">\n<li>FISIOPATOLOG\u00cdA, TRATAMIENTO Y SEGUIMIENTO DE LAS ENFERMEDADES METAB\u00d3LICAS Y RIESGO CARDIOVASCULAR<\/li>\n<\/ul>\n\n\n\n<ul class=\"wp-block-list\">\n<li>PREVENCI\u00d3N Y TRATAMIENTO DE EVENTOS CARDIOVASCULARES<\/li>\n<\/ul>\n\n\n\n<ul class=\"wp-block-list\">\n<li>FISIOPATOLOG\u00cdA, TRATAMIENTO Y SEGUIMIENTO DE LAS ENFERMEDADES NEUROL\u00d3GICAS Y DEL SUE\u00d1O<\/li>\n<\/ul>\n\n\n\n<ul class=\"wp-block-list\">\n<li>FISIOPATOLOG\u00cdA, TRATAMIENTO Y SEGUIMIENTO DEL DOLOR CR\u00d3NICO<\/li>\n<\/ul>\n\n\n\n<ul class=\"wp-block-list\">\n<li>TERAPIA INDIVIDUALIZADA Y TRANSICIONES ASISTENCIALES<\/li>\n<\/ul>\n<\/div>\n<\/div>\n<\/div>\n<\/div>\n\n\n\n<div class=\"wp-block-group has-white-color has-text-color has-link-color wp-elements-165160bca2c9d320c7b5ace8d15942eb\"><div class=\"wp-block-group__inner-container is-layout-constrained wp-block-group-is-layout-constrained\">\n<div class=\"wp-block-columns perfil-borde-blanco is-layout-flex wp-container-core-columns-is-layout-9d6595d7 wp-block-columns-is-layout-flex\">\n<div class=\"wp-block-column is-layout-flow wp-block-column-is-layout-flow\" style=\"flex-basis:100%\">\n<p class=\"margen-izq has-large-font-size\"><strong>OPTATIVAS<\/strong><\/p>\n\n\n\n<div class=\"wp-block-columns is-layout-flex wp-container-core-columns-is-layout-9d6595d7 wp-block-columns-is-layout-flex\">\n<div class=\"wp-block-column is-layout-flow wp-block-column-is-layout-flow\" style=\"flex-basis:3%\"><\/div>\n\n\n\n<div class=\"wp-block-column is-layout-flow wp-block-column-is-layout-flow\" style=\"flex-basis:94%\">\n<ul class=\"wp-block-list\">\n<li>NUTRICI\u00d3N EN EL ENFERMO CR\u00d3NICO<\/li>\n<\/ul>\n\n\n\n<ul class=\"wp-block-list\">\n<li>FISIOPATOLOG\u00cdA, TRATAMIENTO Y SEGUIMIENTO DE LAS ENFERMEDADES DERMATOL\u00d3GICAS Y AL\u00c9RGICAS<\/li>\n<\/ul>\n\n\n\n<ul class=\"wp-block-list\">\n<li>VACUNAS Y TRASPLANTES<\/li>\n<\/ul>\n<\/div>\n<\/div>\n<\/div>\n<\/div>\n<\/div><\/div>\n\n\n\n<div class=\"wp-block-group has-white-color has-text-color has-link-color wp-elements-f8404ec9ced03112fb4b5f89ff33b023\"><div class=\"wp-block-group__inner-container is-layout-constrained wp-block-group-is-layout-constrained\">\n<div class=\"wp-block-columns perfil-borde-blanco is-layout-flex wp-container-core-columns-is-layout-9d6595d7 wp-block-columns-is-layout-flex\">\n<div class=\"wp-block-column is-layout-flow wp-block-column-is-layout-flow\" style=\"flex-basis:100%\">\n<p class=\"margen-izq has-large-font-size\"><strong>GESTI\u00d3N<\/strong><\/p>\n\n\n\n<div class=\"wp-block-columns is-layout-flex wp-container-core-columns-is-layout-9d6595d7 wp-block-columns-is-layout-flex\">\n<div class=\"wp-block-column is-layout-flow wp-block-column-is-layout-flow\" style=\"flex-basis:3%\"><\/div>\n\n\n\n<div class=\"wp-block-column is-layout-flow wp-block-column-is-layout-flow\" style=\"flex-basis:94%\">\n<ul class=\"wp-block-list\">\n<li>LA FARMACIA COMUNITARIA COMO EMPRESA ACTUAL &#8211; MARCO LEGAL Y RRHH<\/li>\n<\/ul>\n\n\n\n<ul class=\"wp-block-list\">\n<li>FINANCIAS, CONTABILIDAD Y GESTI\u00d3N FISCAL<\/li>\n<\/ul>\n\n\n\n<ul class=\"wp-block-list\">\n<li>MARKETING Y DIGITALIZACI\u00d3N<\/li>\n<\/ul>\n\n\n\n<ul class=\"wp-block-list\">\n<li>GESTI\u00d3N Y PLANIFICACI\u00d3N EMPRESARIAL<\/li>\n<\/ul>\n\n\n\n<ul class=\"wp-block-list\">\n<li>HABILIDADES Y NEGOCIACI\u00d3N<\/li>\n<\/ul>\n\n\n\n<ul class=\"wp-block-list\">\n<li>GESTI\u00d3N DE CALIDAD<\/li>\n<\/ul>\n<\/div>\n<\/div>\n<\/div>\n<\/div>\n<\/div><\/div>\n<\/div><\/div>\n<\/div>\n\n\n\n<div class=\"wp-block-group is-nowrap is-layout-flex wp-container-core-group-is-layout-ad2f72ca wp-block-group-is-layout-flex\">\n<style>\n    \/* Estilo de la tabla *\/\n    table {\n        width: 100%;\n        margin-top: 30px;\n        border-collapse: collapse;\n        background-color: white;\n    }\n\n    th, td {\n        padding: 15px;\n        text-align: center;\n        border: 1px solid #ddd;\n    }\n\n    th {\n        background-color: #0044cc;\n        color: white;\n    }\n\n    td {\n        background-color: #f9f9f9;\n    }\n\n    td p {\n        margin: 5px;\n    }\n\n    \/* Estilo de las filas de t\u00edtulo *\/\n    .title-row {\n        background-color: #0044cc;\n        color: white;\n        font-weight: bold;\n    }\n\n    \/* Estilo para la primera columna con los d\u00edas *\/\n    td:first-child {\n        font-weight: bold;\n    }\n\n    \/* Resaltar las fechas clave *\/\n    td.highlight {\n        background-color: #ffeb3b;\n    }\n\n    \/* Estilo para los encabezados del cronograma *\/\n    .header {\n        text-align: center;\n        font-size: 18px;\n        color: #333;\n        margin-bottom: 20px;\n        font-weight: bold;\n    }\n<\/style>\n\n\n\n<div class=\"wp-block-group is-vertical is-layout-flex wp-container-core-group-is-layout-8cf370e7 wp-block-group-is-layout-flex\">\n<div class=\"wp-block-buttons is-content-justification-center is-layout-flex wp-container-core-buttons-is-layout-16018d1d wp-block-buttons-is-layout-flex\"><\/div>\n<\/div>\n<\/div>\n\n\n\n<div style=\"height:49px\" aria-hidden=\"true\" class=\"wp-block-spacer\"><\/div>\n\n\n\n<div class=\"wp-block-group\"><div class=\"wp-block-group__inner-container is-layout-constrained wp-block-group-is-layout-constrained\"><\/div><\/div>\n\n\n\n<div class=\"wp-block-group is-vertical is-layout-flex wp-container-core-group-is-layout-8cf370e7 wp-block-group-is-layout-flex\">\n<details class=\"wp-block-details is-layout-flow wp-block-details-is-layout-flow\"><summary><strong>CLICK PARA VER EL CALENDARIO EN DETALLE<\/strong><\/summary>\n<p><\/p>\n\n\n\n<ul>\n<li><strong>Cronicidad y fragilidad <\/strong>(6 ECTS &#8211; Presencialidad: 24h- 40%) del 23\/09\/2025 al 18\/10\/2025\u00a0<br \/>Semana 1 y 3: martes y jueves 15:00h-21:00h (Aula Virtual). Semana 2 y 4: martes 15:00h-21:00h (AV), viernes 15:00h-21:00h y s\u00e1bado 9:00h-15:00h (V y S presencial)<\/li>\n<li><strong>Talleres de lectura cr\u00edtica e investigaci\u00f3n en Farmacia <\/strong>(3 ECTS &#8211; Presencialidad: 40%)\u00a0 del 28\/10\/2025 al 08\/11\/2025\u00a0<br \/>Horario: Semana 1: M,J (Aula Virtual) 15:00h-21:00h. Semana 2: M (AV),V 15:00h-21:00h y S 9:00h a 15:00h (V y S: presencial)<\/li>\n<li><strong>Fisiopatolog\u00eda, tratamiento y seguimiento de las enfermedades respiratorias y oncol\u00f3gicas <\/strong>(3 ECTS &#8211; Presencialidad: 12h &#8211; 40%)<br \/>del 18\/11\/2025 al 29\/11\/2025\u00a0<br \/>Horario: Semana 1: M,J (Aula Virtual) 15:00h-21:00h. Semana 2: M (AV) ,V 15:00h-21:00h y S 9:00h a 15:00h (V y S: presencial)<\/li>\n<li><strong>Fisiopatolog\u00eda, tratamiento y seguimiento de enfermedades metab\u00f3licas y riesgo cardiovascular <\/strong>(3 ECTS &#8211; Presencialidad: 12h &#8211; 40%)<br \/>del 09\/12\/2025 al 20\/12\/2025\u00a0<br \/>Horario: Semana 1: M,J (Aula Virtual) 15:00h-21:00h. Semana 2: M (AV),V 15:00h-21:00h y S 9:00h a 15:00h (V y S: presencial)<\/li>\n<li><strong>Prevenci\u00f3n y tratamiento de eventos cardiovasculares<\/strong> (3 ECTS &#8211; Presencialidad: 12 h &#8211; 40%)<br \/>del 07\/01\/2026 al 17\/01\/2026<br \/>Horario: Semana 1: X,J (Aula Virtual)15:00h-21:00h. Semana 2: M (AV),V 15:00h-21:00h y S 9:00h a 15:00h (V y S: presencial)<\/li>\n<li><strong>Fisiopatolog\u00eda, tratamiento y seguimiento de las enfermedades neurol\u00f3gicas y del sue\u00f1o<\/strong> (3 ECTS &#8211; Presencialidad: 12 h &#8211; 40%)<br \/>del 27\/01\/2026 al 07\/02\/2026<br \/>Horario: Semana 1: M,J (Aula Virtual) 15:00h-21:00h. Semana 2: M (AV),V 15:00h-21:00h y S 9:00h a 15:00h (V y S: presencial)<\/li>\n<li><strong>Fisiopatolog\u00eda, tratamiento y seguimiento del dolor cr\u00f3nico <\/strong>(3 ECTS &#8211; Presencialidad: 12 h &#8211; 40%) del 17\/02\/2026 al 28\/02\/2026\u00a0<br \/>Horario: Semana 1: M,J (Aula Virtual) 15:00h-21:00h. Semana 2: M (AV),V 15:00h-21:00h y S 9:00h-15:00h (V y S: presencial)<\/li>\n<li><strong>Terapia individualizada y transiciones asistenciales<\/strong> (3 ECTS &#8211; Presencialidad: 12 h &#8211; 40%) del 10\/03\/2026 al 21\/03\/2026\u00a0<br \/>Horario: Semana 1: M, J (Aula Virtual) 15:00h-21:00h. Semana 2: M (AV),V 15:00h-21:00h y S 9:00h-15:00h (V y S: presencial)<\/li>\n<li><strong>Nutrici\u00f3n en el enfermo cr\u00f3nico <\/strong>(3 ECTS &#8211; Presencialidad: 12 h &#8211; 40%) del 14\/04\/2026 al 25\/04\/2026\u00a0<br \/>Horario: Semana 1: M, J (Aula Virtual) 15:00h-21:00h. Semana 2: M (AV) ,V 15:00h-21:00h y S 9:00h-15:00h (V y S: presencial)<\/li>\n<li><strong>Fisiopatolog\u00eda, tratamiento y seguimiento de las enfermedades dermatol\u00f3gicas y al\u00e9rgicas<\/strong> (3 ECTS &#8211; Presencialidad: 12 h &#8211; 40%) del 14\/04\/2026 al 25\/04\/2026\u00a0<br \/>Horario: Semana 1: M,J (Aula Virtual) 15:00h-21:00h. Semana 2: M (AV),V 15:00h-21:00h y S 9:00h-15:00h (V y S: presencial)<\/li>\n<li><strong>Vacunas y trasplantes<\/strong> (3 ECTS &#8211; Presencialidad: 12 h &#8211; 40%) del 14\/04\/2026 al 25\/04\/2026\u00a0<br \/>Horario: Semana 1: M,J(Aula Virtual) 15:00h-21:00h. Semana 2: M(AV),V 15:00h-21:00h y S 9:00h-15:00h (V y S: presencial)<\/li>\n<li><strong>La Farmacia Comunitaria como empresa actual. Marco legal y RRHH<\/strong> (3 ECTS &#8211; Presencialidad: 12h &#8211; 40%) del 05\/05\/2026 al 16\/05\/2026\u00a0<br \/>Semana 1: M,J (Aula Virtual) 15:00h-21:00h.\u00a0 \u00a0 \u00a0 \u00a0 \u00a0 \u00a0 \u00a0 \u00a0 \u00a0 \u00a0 \u00a0 \u00a0 \u00a0 \u00a0 \u00a0 \u00a0 \u00a0 \u00a0 \u00a0 \u00a0 \u00a0 \u00a0 \u00a0 \u00a0 \u00a0 \u00a0 \u00a0 \u00a0 \u00a0 \u00a0 \u00a0 \u00a0 \u00a0 \u00a0 \u00a0 \u00a0 \u00a0 \u00a0 \u00a0 \u00a0 Semana 2: M (AV),V 15:00h-21:00h y S 9:00h-15:00h (V y S: presencial)<\/li>\n<li><strong>Finanzas, contabilidad y gesti\u00f3n fiscal<\/strong> (5 ECTS &#8211; Presencialidad: 20h &#8211; 40%) del 26\/05\/2026 al 20\/06\/2026\u00a0<br \/>Horario: Semana 1 y 3: M, J(Aula Virtual)15:00h-20:00h. Semana 2 y 4: M (AV),V 15:00h-20:00h y S 9:00h-14:00h (V y S: presencial)<\/li>\n<li><strong>Marketing y digitalizaci\u00f3n<\/strong> (5 ECTS &#8211; Presencialidad: 20h &#8211; 40%) del 22\/09\/2026 al 17\/10\/2026\u00a0<br \/>Horario: Semana 1 y 3: M, J(Aula Virtual)15:00h a 20:00h. Semana 2 y 4: M (AV),V 15:00h-20:00h y S 9:00h-14:00h (V y S: presencial)<\/li>\n<li><strong>Gesti\u00f3n y planificaci\u00f3n empresarial<\/strong> (5 ECTS &#8211; Presencialidad: 20h &#8211; 40%) del 27\/10\/2026 al 21\/11\/2026\u00a0<br \/>Horario: Semana 1 y 3: M, J(Aula Virtual)15:00h-20:00h. Semana 2 y 4: M (AV),V 15:00h-20:00h y S 9:00h-14:00h (V y S: presencial)<\/li>\n<li><strong>Habilidades de negociaci\u00f3n<\/strong> (3 ECTS &#8211; Presencialidad: 12 &#8211; 40%) del 01\/12\/2026 al 19\/12\/2026\u00a0<br \/>Horario: Semana 1: M, J (Aula Virtual)15:00h-21:00h. Semana 2: M(AV), V 15:00h-21:00h y S 9:00h-15:00h (V y S: presencial)<\/li>\n<li><strong>Gesti\u00f3n de calidad<\/strong> (3 ECTS &#8211; Presencialidad: 12 &#8211; 40%) del 12\/01\/2027 al 23\/01\/2027\u00a0<br \/>Horario: Semana 1: M,J (Aula Virtual)15:00h-21:00h. Semana 2: M(AV), V 15:00h-21:00h y S 9:00h-15:00h (V y S: presencial)<\/li>\n<li><strong>Trabajo Fin de M\u00e1ster<\/strong> (6 ECTS &#8211; Presencialidad: 12h &#8211; 20%)<br \/>Horario: Del 19\/05\/2026 al 19\/05\/2026. Horario: De 15:00h a 21:00h<\/li>\n<\/ul>\n<\/details>\n<\/div>\n\n\n\n<div class=\"wp-block-buttons is-content-justification-center is-layout-flex wp-container-core-buttons-is-layout-16018d1d wp-block-buttons-is-layout-flex\">\n<div class=\"wp-block-button\"><a class=\"wp-block-button__link wp-element-button\" href=\"https:\/\/master.cofrm.com\/wp-content\/uploads\/2026\/01\/CRONOGRAMA-MASTER.pdf\">Cronograma completo<\/a><\/div>\n<\/div>\n","protected":false},"excerpt":{"rendered":"<p>\u00a0 OPTATIVAS GESTI\u00d3N<\/p>\n","protected":false},"author":1,"featured_media":0,"parent":0,"menu_order":0,"comment_status":"closed","ping_status":"open","template":"","meta":{"footnotes":""},"class_list":["post-2","page","type-page","status-publish","hentry"],"yoast_head":"<!-- This site is optimized with the Yoast SEO plugin v19.8 - https:\/\/yoast.com\/wordpress\/plugins\/seo\/ -->\n<title>Programa - M\u00e1ster en Farmacia Comunitaria<\/title>\n<meta name=\"robots\" content=\"index, follow, max-snippet:-1, max-image-preview:large, max-video-preview:-1\" \/>\n<link rel=\"canonical\" href=\"https:\/\/master.cofrm.com\/index.php\/programa\/\" \/>\n<meta property=\"og:locale\" content=\"es_ES\" \/>\n<meta property=\"og:type\" content=\"article\" \/>\n<meta property=\"og:title\" content=\"Programa - M\u00e1ster en Farmacia Comunitaria\" \/>\n<meta property=\"og:description\" content=\"\u00a0 OPTATIVAS GESTI\u00d3N\" \/>\n<meta property=\"og:url\" content=\"https:\/\/master.cofrm.com\/index.php\/programa\/\" \/>\n<meta property=\"og:site_name\" content=\"M\u00e1ster en Farmacia Comunitaria\" \/>\n<meta property=\"article:modified_time\" content=\"2026-01-08T13:32:18+00:00\" \/>\n<meta name=\"twitter:card\" content=\"summary_large_image\" \/>\n<meta name=\"twitter:label1\" content=\"Tiempo de lectura\" \/>\n\t<meta name=\"twitter:data1\" content=\"4 minutos\" \/>\n<script type=\"application\/ld+json\" class=\"yoast-schema-graph\">{\"@context\":\"https:\/\/schema.org\",\"@graph\":[{\"@type\":\"WebPage\",\"@id\":\"https:\/\/master.cofrm.com\/index.php\/programa\/\",\"url\":\"https:\/\/master.cofrm.com\/index.php\/programa\/\",\"name\":\"Programa - M\u00e1ster en Farmacia Comunitaria\",\"isPartOf\":{\"@id\":\"https:\/\/master.cofrm.com\/#website\"},\"datePublished\":\"2022-08-30T12:32:29+00:00\",\"dateModified\":\"2026-01-08T13:32:18+00:00\",\"breadcrumb\":{\"@id\":\"https:\/\/master.cofrm.com\/index.php\/programa\/#breadcrumb\"},\"inLanguage\":\"es\",\"potentialAction\":[{\"@type\":\"ReadAction\",\"target\":[\"https:\/\/master.cofrm.com\/index.php\/programa\/\"]}]},{\"@type\":\"BreadcrumbList\",\"@id\":\"https:\/\/master.cofrm.com\/index.php\/programa\/#breadcrumb\",\"itemListElement\":[{\"@type\":\"ListItem\",\"position\":1,\"name\":\"Portada\",\"item\":\"https:\/\/master.cofrm.com\/\"},{\"@type\":\"ListItem\",\"position\":2,\"name\":\"Programa\"}]},{\"@type\":\"WebSite\",\"@id\":\"https:\/\/master.cofrm.com\/#website\",\"url\":\"https:\/\/master.cofrm.com\/\",\"name\":\"M\u00e1ster en Farmacia Comunitaria\",\"description\":\"MasterFarmaciaComunitaria\",\"publisher\":{\"@id\":\"https:\/\/master.cofrm.com\/#organization\"},\"potentialAction\":[{\"@type\":\"SearchAction\",\"target\":{\"@type\":\"EntryPoint\",\"urlTemplate\":\"https:\/\/master.cofrm.com\/?s={search_term_string}\"},\"query-input\":\"required name=search_term_string\"}],\"inLanguage\":\"es\"},{\"@type\":\"Organization\",\"@id\":\"https:\/\/master.cofrm.com\/#organization\",\"name\":\"M\u00e1ster en Farmacia Comunitaria\",\"url\":\"https:\/\/master.cofrm.com\/\",\"sameAs\":[],\"logo\":{\"@type\":\"ImageObject\",\"inLanguage\":\"es\",\"@id\":\"https:\/\/master.cofrm.com\/#\/schema\/logo\/image\/\",\"url\":\"https:\/\/jornadadermomurcia.cofrm.com\/wp-content\/uploads\/2022\/09\/Logo_dermo.png\",\"contentUrl\":\"https:\/\/jornadadermomurcia.cofrm.com\/wp-content\/uploads\/2022\/09\/Logo_dermo.png\",\"width\":1173,\"height\":380,\"caption\":\"M\u00e1ster en Farmacia Comunitaria\"},\"image\":{\"@id\":\"https:\/\/master.cofrm.com\/#\/schema\/logo\/image\/\"}}]}<\/script>\n<!-- \/ Yoast SEO plugin. -->","yoast_head_json":{"title":"Programa - M\u00e1ster en Farmacia Comunitaria","robots":{"index":"index","follow":"follow","max-snippet":"max-snippet:-1","max-image-preview":"max-image-preview:large","max-video-preview":"max-video-preview:-1"},"canonical":"https:\/\/master.cofrm.com\/index.php\/programa\/","og_locale":"es_ES","og_type":"article","og_title":"Programa - M\u00e1ster en Farmacia Comunitaria","og_description":"\u00a0 OPTATIVAS GESTI\u00d3N","og_url":"https:\/\/master.cofrm.com\/index.php\/programa\/","og_site_name":"M\u00e1ster en Farmacia Comunitaria","article_modified_time":"2026-01-08T13:32:18+00:00","twitter_card":"summary_large_image","twitter_misc":{"Tiempo de lectura":"4 minutos"},"schema":{"@context":"https:\/\/schema.org","@graph":[{"@type":"WebPage","@id":"https:\/\/master.cofrm.com\/index.php\/programa\/","url":"https:\/\/master.cofrm.com\/index.php\/programa\/","name":"Programa - M\u00e1ster en Farmacia Comunitaria","isPartOf":{"@id":"https:\/\/master.cofrm.com\/#website"},"datePublished":"2022-08-30T12:32:29+00:00","dateModified":"2026-01-08T13:32:18+00:00","breadcrumb":{"@id":"https:\/\/master.cofrm.com\/index.php\/programa\/#breadcrumb"},"inLanguage":"es","potentialAction":[{"@type":"ReadAction","target":["https:\/\/master.cofrm.com\/index.php\/programa\/"]}]},{"@type":"BreadcrumbList","@id":"https:\/\/master.cofrm.com\/index.php\/programa\/#breadcrumb","itemListElement":[{"@type":"ListItem","position":1,"name":"Portada","item":"https:\/\/master.cofrm.com\/"},{"@type":"ListItem","position":2,"name":"Programa"}]},{"@type":"WebSite","@id":"https:\/\/master.cofrm.com\/#website","url":"https:\/\/master.cofrm.com\/","name":"M\u00e1ster en Farmacia Comunitaria","description":"MasterFarmaciaComunitaria","publisher":{"@id":"https:\/\/master.cofrm.com\/#organization"},"potentialAction":[{"@type":"SearchAction","target":{"@type":"EntryPoint","urlTemplate":"https:\/\/master.cofrm.com\/?s={search_term_string}"},"query-input":"required name=search_term_string"}],"inLanguage":"es"},{"@type":"Organization","@id":"https:\/\/master.cofrm.com\/#organization","name":"M\u00e1ster en Farmacia Comunitaria","url":"https:\/\/master.cofrm.com\/","sameAs":[],"logo":{"@type":"ImageObject","inLanguage":"es","@id":"https:\/\/master.cofrm.com\/#\/schema\/logo\/image\/","url":"https:\/\/jornadadermomurcia.cofrm.com\/wp-content\/uploads\/2022\/09\/Logo_dermo.png","contentUrl":"https:\/\/jornadadermomurcia.cofrm.com\/wp-content\/uploads\/2022\/09\/Logo_dermo.png","width":1173,"height":380,"caption":"M\u00e1ster en Farmacia Comunitaria"},"image":{"@id":"https:\/\/master.cofrm.com\/#\/schema\/logo\/image\/"}}]}},"_links":{"self":[{"href":"https:\/\/master.cofrm.com\/index.php\/wp-json\/wp\/v2\/pages\/2","targetHints":{"allow":["GET"]}}],"collection":[{"href":"https:\/\/master.cofrm.com\/index.php\/wp-json\/wp\/v2\/pages"}],"about":[{"href":"https:\/\/master.cofrm.com\/index.php\/wp-json\/wp\/v2\/types\/page"}],"author":[{"embeddable":true,"href":"https:\/\/master.cofrm.com\/index.php\/wp-json\/wp\/v2\/users\/1"}],"replies":[{"embeddable":true,"href":"https:\/\/master.cofrm.com\/index.php\/wp-json\/wp\/v2\/comments?post=2"}],"version-history":[{"count":750,"href":"https:\/\/master.cofrm.com\/index.php\/wp-json\/wp\/v2\/pages\/2\/revisions"}],"predecessor-version":[{"id":3577,"href":"https:\/\/master.cofrm.com\/index.php\/wp-json\/wp\/v2\/pages\/2\/revisions\/3577"}],"wp:attachment":[{"href":"https:\/\/master.cofrm.com\/index.php\/wp-json\/wp\/v2\/media?parent=2"}],"curies":[{"name":"wp","href":"https:\/\/api.w.org\/{rel}","templated":true}]}}